{"id":215,"date":"2018-08-30T09:43:44","date_gmt":"2018-08-30T09:43:44","guid":{"rendered":"http:\/\/konte.uix.store\/home-v10\/?page_id=215"},"modified":"2020-11-27T17:22:21","modified_gmt":"2020-11-27T16:22:21","slug":"termini-e-condizioni","status":"publish","type":"page","link":"https:\/\/www.loopomilano.com\/it\/termini-e-condizioni\/","title":{"rendered":"Termini e Condizioni"},"content":{"rendered":"<p>[vc_row][vc_column][vc_separator color=&#8221;custom&#8221; border_width=&#8221;2&#8243; accent_color=&#8221;#e10600&#8243;][vc_empty_space height=&#8221;60px&#8221;][\/vc_column][\/vc_row][vc_row][vc_column width=&#8221;1\/6&#8243;][\/vc_column][vc_column width=&#8221;2\/3&#8243;][vc_custom_heading text=&#8221;Termini<br \/>\ne condizioni&#8221; font_container=&#8221;tag:h1|text_align:center&#8221; use_theme_fonts=&#8221;yes&#8221;][vc_empty_space][vc_column_text]<\/p>\n<p style=\"text-align: center;\">Gentile cliente, la informiamo che le condizioni generali di vendita di seguito riportate indicano, nel rispetto delle normative vigenti a tutela del consumatore, le condizioni e le modalit\u00e0 con cui procedere all\u2019acquisto online sul sito <a href=\"https:\/\/www.loopomilano.com\">www.loopomilano.com<\/a> dei prodotti di suo interesse in maniera sicura, facile e conveniente.<br \/>\nPertanto la invitiamo a leggerle ed accettarle per poter procedere all\u2019acquisto.<br \/>\nCon la conferma dell\u2019ordine si ritengono confermate le seguenti condizioni:<\/p>\n<p>[\/vc_column_text][\/vc_column][vc_column width=&#8221;1\/6&#8243;][\/vc_column][\/vc_row][vc_row css=&#8221;.vc_custom_1535624888834{margin-top: 20px !important;}&#8221;][vc_column width=&#8221;1\/6&#8243;][\/vc_column][vc_column width=&#8221;2\/3&#8243;][vc_toggle title=&#8221;Art.1 &#8211; Oggetto&#8221;]Le presenti condizioni generali di vendita disciplinano la vendita dei prodotti commercializzati da LOOPO di Marco Lupo con sede legale in via Monte Rosa 21, 20149 Milano (MI), (di seguito anche solo \u201cLOOPO\u201d), per il tramite del sito internet <a href=\"http:\/\/www.loopomilano.com\">www.loopomilano.com<\/a> (di seguito anche solo \u201cil sito\u201d) agli utenti consumatori.<\/p>\n<p>Le condizioni generali di vendita hanno efficacia a decorrere dalla data di accettazione delle stesse da parte del cliente sul sito, che vale a tutti gli effetti quale accettazione ai sensi degli artt. 33 e ss. del Decreto legislativo, 06\/09\/2005 n\u00b0 206 e ss.mm. e degli artt. 1341 e 1342 del codice civile.<\/p>\n<p>Le condizioni generali di vendita possono essere modificate in ogni momento. Eventuali modifiche e\/o nuove condizioni saranno in vigore dal momento della loro pubblicazione sul sito.[\/vc_toggle][vc_toggle title=&#8221;Art.2 &#8211; Modalit\u00e0 di acquisto&#8221;]L\u2019acquisto dei prodotti avviene tramite l\u2019accesso al sito e la relativa registrazione. La registrazione al sito \u00e8 gratuita.<\/p>\n<p>Per ciascuno dei prodotti \u00e8 disponibile sul sito una descrizione contenente le caratteristiche principali dei medesimi. Le immagini e le descrizioni presenti sul sito riproducono quanto pi\u00f9 fedelmente possibile le caratteristiche dei prodotti. I colori e le dimensioni dei prodotti, tuttavia, potrebbero differire da quelli reali per effetto delle impostazioni dei sistemi informatici o dei computer utilizzati dagli utenti per la loro visualizzazione. Tali immagini devono pertanto essere intese come indicative e con le tolleranze d&#8217;uso. Ai fini del contratto di acquisto, far\u00e0 fede la descrizione del prodotto contenuta nel modulo d&#8217;ordine trasmesso dall&#8217;utente. Tutte le informazioni di supporto all\u2019acquisto sono comunque da intendersi come semplice materiale informativo generico.<\/p>\n<p>L\u2019ordine trasmesso mediante il modulo on-line dal cliente rappresenta un\u2019offerta indirizzata a Surface diretta a concludere un contratto di compravendita alle condizioni indicati nel predetto modulo e in conformit\u00e0 alle presenti condizioni generali di vendita che, con la trasmissione del modulo d\u2019ordine, il cliente conferma di conoscere ed accettare.<\/p>\n<p>La corretta ricezione dell\u2019ordine \u00e8 confermata da Loopo Milano mediante una risposta automatica via e-mail, inviata all\u2019indirizzo di posta elettronica comunicato dal cliente al momento della registrazione. Tale messaggio di conferma riporter\u00e0 un \u201cnumero d\u2019ordine\u201d da utilizzarsi nel caso di qualsiasi comunicazione con Surface. La conferma riporter\u00e0 inoltre un riepilogo delle condizioni generali di vendita, nonch\u00e9 delle condizioni particolari applicabili al contratto, le informazioni relative alle caratteristiche essenziali del prodotto acquistato, l&#8217;indicazione dettagliata del prezzo, del mezzo di pagamento utilizzato, delle spese e dei termini di consegna.<\/p>\n<p>Il messaggio riporter\u00e0 tutti i dati inseriti dal cliente che si impegna a verificarne la correttezza e a comunicare tempestivamente le eventuali correzioni.<\/p>\n<p>Nel caso di mancata accettazione dell\u2019ordine, LOOPO garantisce tempestiva comunicazione al cliente.[\/vc_toggle][vc_toggle title=&#8221;Art.3 &#8211; Modalit\u00e0 di pagamento&#8221;]Tutti i prezzi presenti sul sito sono da intendersi prezzi al pubblico e, quindi, comprensivi di imposta sul valore aggiunto (i.v.a.).<\/p>\n<p>I prezzi possono variare senza obbligo di preavviso e l\u2019unico prezzo corretto \u00e8 da intendersi quello indicato al momento della conferma dell\u2019ordine.<\/p>\n<p>Su determinati prodotti, oggetto di promozioni di prezzo, Loopo Milano si riserva il diritto di accettare gli ordini riducendone la quantit\u00e0, previa comunicazione e accettazione da parte del cliente, in difetto della quale l\u2019ordine dovr\u00e0 ritenersi annullato. LOOPO si riserva di non accettare un ordine qualora abbia ad oggetto pi\u00f9 di \u2026\u2026\u2026\u2026 pezzi dello stesso articolo.<\/p>\n<p>Modalit\u00e0 di pagamento: e\u2019 possibile scegliere di effettuare il pagamento attraverso il sistema di pagamenti sicuro Paypal che permette di effettuare pagamenti online con i massimi standard di sicurezza e di protezione dell\u2019acquirente da frodi informatiche. Non \u00e8 necessario possedere un account Paypal per completare il pagamento ed \u00e8 possibile utilizzare il sistema anche con carte di credito. Il circuito Paypal accetta carte Visa, Mastercard, Visa Electron, Postepay, Discover, Maestro, Carta Aurea.<\/p>\n<p>Per ulteriori informazioni o per ricevere supporto \u00e8 possibile contattare LOOPO all\u2019indirizzo e-mail: info@loopomilano.com[\/vc_toggle][vc_toggle title=&#8221;Art.4 &#8211; Modalit\u00e0 e tempi di consegna&#8221;]Al fine di assicurare alla clientela una consegna accurata e tempestiva LOOPO spedisce con corriere espresso Bartolini.<\/p>\n<p>Per ogni ordine effettuato Loopo emette ricevuta di vendita oppure idoneo documento di trasporto del materiale spedito, a cui seguir\u00e0 l\u2019emissione della fattura nei termini di legge. Per l\u2019emissione della fattura, faranno fede le informazioni fornite dal cliente all\u2019atto dell\u2019ordine. Il cliente potr\u00e0 richiedere la copia della fattura o della ricevuta fiscale entro il termine di 15 giorni dall\u2019emissione.<\/p>\n<p>Le spese di spedizione sono gratuite in Italia.<\/p>\n<p>I prodotti acquistati verranno spediti solo dopo aver ricevuto conferma del buon esito del pagamento dell&#8217;importo totale dovuto da parte del cliente.<\/p>\n<p>I prodotti acquistati verranno spediti all\u2019indirizzo di spedizione indicato dal cliente nel modulo d&#8217;ordine.<\/p>\n<p>Al momento della consegna il cliente \u00e8 tenuto a controllare:<\/p>\n<p>a) che l\u2019imballo risulti integro, non danneggiato n\u00e9 bagnato o comunque in qualsiasi modo alterato;<\/p>\n<p>b) che il numero dei colli corrisponda a quanto indicato nel documento di trasporto.<\/p>\n<p>Eventuali danni al prodotto o all\u2019imballo o la mancata corrispondenza alle indicazioni contenute nel documento di trasporto devono essere immediatamente contestati al corriere apponendo la dicitura \u201criserva di controllo\u201d sulla prova di consegna del corriere.<\/p>\n<p>Una volta firmato il documento del corriere, il cliente non potr\u00e0 opporre alcuna contestazione circa le caratteristiche esteriori di quanto consegnato. Nel caso di mancato ritiro entro 5 giorni lavorativi del materiale presente in giacenza presso i magazzini del corriere a causa di reiterata impossibilit\u00e0 di consegna al recapito indicato dal cliente all\u2019atto dell\u2019ordine, causa assenza del destinatario, l\u2019ordine verr\u00e0 considerato quale definitivo, fatta salva la possibilit\u00e0 di procedere ad una ulteriore consegna a spese del destinatario.<\/p>\n<p>I tempi di consegna sono indicativi e variano in base al prodotto acquistato. Il termine stimato per la consegna di ogni prodotto viene indicato nel modulo d\u2019ordine.[\/vc_toggle][vc_toggle title=&#8221;Art.5 &#8211; Garanzia&#8221;]LOOPO non presta garanzie aggiuntive rispetto a quelle previste per legge a carico del venditore.[\/vc_toggle][vc_toggle title=&#8221;Art.6 &#8211; Diritto di recesso&#8221;]Ai sensi e nei limiti di cui all\u2019art. 64 del decreto legislativo n. 206 del 6 settembre 2005, il cliente ha diritto, entro 10 giorni lavorativi dalla consegna dei prodotti acquistati, di esercitare il diritto di recesso con le modalit\u00e0 previste dalla legge, consistente nella facolt\u00e0 di restituire i prodotti ricevuti e di ottenere il rimborso del prezzo pagato. Tale diritto si applica a tutti i prodotti contenuti nel sito www.loopomilano.com.<\/p>\n<p>Per avvalersi del diritto di recesso il cliente dovr\u00e0 contattare Loopo all\u2019indirizzo e-mail customer.care@loopomilano.com<\/p>\n<p>Una volta ricevuta la comunicazione, Loopo comunicher\u00e0 al cliente le modalit\u00e0 ed il numero di rientro. Il cliente dovr\u00e0 effettuare tempestivamente la spedizione all\u2019indirizzo comunicato da LOOPO. Le spese di trasporto e la responsabilit\u00e0 della merce durante la spedizione, come previsto dalla legge, sono a carico del cliente.<\/p>\n<p>Si consiglia pertanto di assicurare i prodotti presso il corriere prescelto, avendo cura di imballare con attenzione la merce, dove possibile inserendola in una scatola esterna, evitando di danneggiare la confezione originale con nastri adesivi, etichette, etc.<\/p>\n<p>Sul retro del documento di trasporto dovr\u00e0 essere indicata la motivazione del reso.<\/p>\n<p>Il prodotto dovr\u00e0 essere restituito integro nella confezione originale completa di tutte le sue parti ed accessori.<\/p>\n<p>In caso di danno da trasporto avvenuto durante la restituzione, Surface provveder\u00e0 a comunicare lo stesso al cliente entro cinque giorni lavorativi dal ricevimento della merce, consentendogli di sporgere reclamo al corriere utilizzato per il trasporto.<\/p>\n<p>La merce danneggiata sar\u00e0 resa disponibile per la restituzione e la richiesta di recesso verr\u00e0 contemporaneamente annullata. Fatte salve eventuali spese di ripristino per danni accertati, Surface provveder\u00e0 a rimborsare entro 14 giorni e comunque non prima della ricezione della merce acquistata l\u2019intero importo del bene tramite procedura di storno sulla carta di credito utilizzata per l\u2019acquisto.<\/p>\n<p>Il cliente non avr\u00e0 diritto a rimborsi in caso in cui i prodotti vengano restituiti danneggiati (per cause diverse dal trasporto), usurati oppure incompleti, ovvero mancanti di parti o con confezione rovinata.<\/p>\n<p>Il presente articolo ha valore di informazione sul diritto di recesso ai sensi dell\u2019art. 47 del d. lgs. n. 206\/2005.[\/vc_toggle][vc_toggle title=&#8221;Art.7 &#8211; Dichiarazione di responsabilit\u00e0&#8221;]LOOPO dichiara e garantisce agli utenti consumatori che i prodotti garantiscono gli standard di qualit\u00e0 riconosciuti dalle leggi applicabili a livello nazionale e locale ed ogni altro parametro richiesto dalla commercializzazione al dettaglio.<\/p>\n<p>LOOPO non avr\u00e0 alcuna responsabilit\u00e0, diretta, indiretta o di qualsiasi altra natura, nei confronti degli utenti consumatori o nei confronti di terzi nel caso in cui i prodotti vengano utilizzati in modalit\u00e0 non conforme con la categoria merceologica dei beni oppure per eventuali danni derivanti da difetti di fabbricazione non segnalati entro due mesi dalla data della scoperta del difetto.[\/vc_toggle][vc_toggle title=&#8221;Art.8 &#8211; Legge applicabile&#8221;]Il presente contratto di vendita tra il cliente e LOOPO s\u2019intende concluso in Italia e regolato dalla legge italiana. Per quanto non diversamente stabilito si applica la legge italiana in materia.<\/p>\n<p>Ai sensi dell\u2019articolo 1341 e dell\u2019articolo 1342 del codice civile italiano le parti, in base i termini e le condizioni stabilite dalle presenti condizioni generali di vendita ed in particolare, le premesse e gli articoli 2, 3, 4, 5, 6, 7 e 8 del presente contratto, dichiarano specificamente il loro consenso, senza alcun tipo di eccezione possibile.[\/vc_toggle][\/vc_column][vc_column width=&#8221;1\/6&#8243;][\/vc_column][\/vc_row]<\/p>\n","protected":false},"excerpt":{"rendered":"<p>[vc_row][vc_column][vc_separator color=&#8221;custom&#8221; border_width=&#8221;2&#8243; accent_color=&#8221;#e10600&#8243;][vc_empty_space height=&#8221;60px&#8221;][\/vc_column][\/vc_row][vc_row][vc_column width=&#8221;1\/6&#8243;][\/vc_column][vc_column width=&#8221;2\/3&#8243;][vc_custom_heading text=&#8221;Termini e condizioni&#8221; font_container=&#8221;tag:h1|text_align:center&#8221; use_theme_fonts=&#8221;yes&#8221;][vc_empty_space][vc_column_text] Gentile cliente, la informiamo che le condizioni generali di vendita di seguito riportate indicano, nel rispetto delle normative&hellip;<\/p>\n","protected":false},"author":1,"featured_media":1705,"parent":0,"menu_order":0,"comment_status":"closed","ping_status":"closed","template":"","meta":{"footnotes":""},"class_list":["post-215","page","type-page","status-publish","has-post-thumbnail","hentry"],"yoast_head":"<!-- This site is optimized with the Yoast SEO plugin v15.6.2 - https:\/\/yoast.com\/wordpress\/plugins\/seo\/ -->\n<title>Termini e Condizioni | Loopo<\/title>\n<meta name=\"robots\" content=\"index, follow, max-snippet:-1, max-image-preview:large, max-video-preview:-1\" \/>\n<link rel=\"canonical\" href=\"https:\/\/www.loopomilano.com\/it\/termini-e-condizioni\/\" \/>\n<meta property=\"og:locale\" content=\"it_IT\" \/>\n<meta property=\"og:type\" content=\"article\" \/>\n<meta property=\"og:title\" content=\"Termini e Condizioni | Loopo\" \/>\n<meta property=\"og:description\" content=\"[vc_row][vc_column][vc_separator color=&#8221;custom&#8221; border_width=&#8221;2&#8243; accent_color=&#8221;#e10600&#8243;][vc_empty_space height=&#8221;60px&#8221;][\/vc_column][\/vc_row][vc_row][vc_column width=&#8221;1\/6&#8243;][\/vc_column][vc_column width=&#8221;2\/3&#8243;][vc_custom_heading text=&#8221;Termini e condizioni&#8221; font_container=&#8221;tag:h1|text_align:center&#8221; use_theme_fonts=&#8221;yes&#8221;][vc_empty_space][vc_column_text] Gentile cliente, la informiamo che le condizioni generali di vendita di seguito riportate indicano, nel rispetto delle normative&hellip;\" \/>\n<meta property=\"og:url\" content=\"https:\/\/www.loopomilano.com\/it\/termini-e-condizioni\/\" \/>\n<meta property=\"og:site_name\" content=\"Loopo\" \/>\n<meta property=\"article:modified_time\" content=\"2020-11-27T16:22:21+00:00\" \/>\n<meta property=\"og:image\" content=\"https:\/\/www.loopomilano.com\/wp-content\/uploads\/2020\/09\/the-brand-loopo-milano.jpg\" \/>\n\t<meta property=\"og:image:width\" content=\"2880\" \/>\n\t<meta property=\"og:image:height\" content=\"1408\" \/>\n<meta name=\"twitter:card\" content=\"summary_large_image\" \/>\n<meta name=\"twitter:label1\" content=\"Tempo di lettura stimato\">\n\t<meta name=\"twitter:data1\" content=\"9 minuti\">\n<script type=\"application\/ld+json\" class=\"yoast-schema-graph\">{\"@context\":\"https:\/\/schema.org\",\"@graph\":[{\"@type\":\"Organization\",\"@id\":\"https:\/\/www.loopomilano.com\/#organization\",\"name\":\"Loopo Milano\",\"url\":\"https:\/\/www.loopomilano.com\/\",\"sameAs\":[],\"logo\":{\"@type\":\"ImageObject\",\"@id\":\"https:\/\/www.loopomilano.com\/#logo\",\"inLanguage\":\"it-IT\",\"url\":\"https:\/\/www.loopomilano.com\/wp-content\/uploads\/2020\/07\/logo_LOOPOrosso.png\",\"width\":1336,\"height\":534,\"caption\":\"Loopo Milano\"},\"image\":{\"@id\":\"https:\/\/www.loopomilano.com\/#logo\"}},{\"@type\":\"WebSite\",\"@id\":\"https:\/\/www.loopomilano.com\/#website\",\"url\":\"https:\/\/www.loopomilano.com\/\",\"name\":\"Loopo\",\"description\":\"Milano Smart Design\",\"publisher\":{\"@id\":\"https:\/\/www.loopomilano.com\/#organization\"},\"potentialAction\":[{\"@type\":\"SearchAction\",\"target\":\"https:\/\/www.loopomilano.com\/?s={search_term_string}\",\"query-input\":\"required name=search_term_string\"}],\"inLanguage\":\"it-IT\"},{\"@type\":\"ImageObject\",\"@id\":\"https:\/\/www.loopomilano.com\/it\/termini-e-condizioni\/#primaryimage\",\"inLanguage\":\"it-IT\",\"url\":\"https:\/\/www.loopomilano.com\/wp-content\/uploads\/2020\/09\/the-brand-loopo-milano.jpg\",\"width\":2880,\"height\":1408,\"caption\":\"The brand loopo milano\"},{\"@type\":\"WebPage\",\"@id\":\"https:\/\/www.loopomilano.com\/it\/termini-e-condizioni\/#webpage\",\"url\":\"https:\/\/www.loopomilano.com\/it\/termini-e-condizioni\/\",\"name\":\"Termini e Condizioni | Loopo\",\"isPartOf\":{\"@id\":\"https:\/\/www.loopomilano.com\/#website\"},\"primaryImageOfPage\":{\"@id\":\"https:\/\/www.loopomilano.com\/it\/termini-e-condizioni\/#primaryimage\"},\"datePublished\":\"2018-08-30T09:43:44+00:00\",\"dateModified\":\"2020-11-27T16:22:21+00:00\",\"inLanguage\":\"it-IT\",\"potentialAction\":[{\"@type\":\"ReadAction\",\"target\":[\"https:\/\/www.loopomilano.com\/it\/termini-e-condizioni\/\"]}]}]}<\/script>\n<!-- \/ Yoast SEO plugin. -->","_links":{"self":[{"href":"https:\/\/www.loopomilano.com\/it\/wp-json\/wp\/v2\/pages\/215","targetHints":{"allow":["GET"]}}],"collection":[{"href":"https:\/\/www.loopomilano.com\/it\/wp-json\/wp\/v2\/pages"}],"about":[{"href":"https:\/\/www.loopomilano.com\/it\/wp-json\/wp\/v2\/types\/page"}],"author":[{"embeddable":true,"href":"https:\/\/www.loopomilano.com\/it\/wp-json\/wp\/v2\/users\/1"}],"replies":[{"embeddable":true,"href":"https:\/\/www.loopomilano.com\/it\/wp-json\/wp\/v2\/comments?post=215"}],"version-history":[{"count":15,"href":"https:\/\/www.loopomilano.com\/it\/wp-json\/wp\/v2\/pages\/215\/revisions"}],"predecessor-version":[{"id":2644,"href":"https:\/\/www.loopomilano.com\/it\/wp-json\/wp\/v2\/pages\/215\/revisions\/2644"}],"wp:featuredmedia":[{"embeddable":true,"href":"https:\/\/www.loopomilano.com\/it\/wp-json\/wp\/v2\/media\/1705"}],"wp:attachment":[{"href":"https:\/\/www.loopomilano.com\/it\/wp-json\/wp\/v2\/media?parent=215"}],"curies":[{"name":"wp","href":"https:\/\/api.w.org\/{rel}","templated":true}]}}