{"id":2795,"date":"2020-12-07T10:11:01","date_gmt":"2020-12-07T09:11:01","guid":{"rendered":"https:\/\/www.loopomilano.com\/?post_type=product&#038;p=2795"},"modified":"2021-03-30T15:13:34","modified_gmt":"2021-03-30T14:13:34","slug":"pouff-capitonne-in-velluto-blu","status":"publish","type":"product","link":"https:\/\/www.loopomilano.com\/it\/shop\/arredamento-living\/divani-pouf\/pouff-capitonne-in-velluto-blu\/","title":{"rendered":"Pouff capitonn\u00e9 in velluto blu"},"content":{"rendered":"","protected":false},"excerpt":{"rendered":"<p>&#8220;Libert\u00e9, \u00c9galit\u00e9, Capitonn\u00e9&#8221; sar\u00e0 il motto ufficiale del tuo salotto, il cui centro del relax sar\u00e0 questo pouff in velluto blu. E&#8217; proprio come la Francia di Luigi XIV, la sua comoda superficie sar\u00e0 teatro di mille battaglie (di cuscini) ma anche di importanti trattati diplomatici (su che serie TV guardare).<\/p>\n<p class=\"red\">CONSEGNA IN 4-8 SETTIMANE<\/p>\n","protected":false},"featured_media":2767,"template":"","meta":[],"class_list":["post-2795","product","type-product","status-publish","has-post-thumbnail","hentry","product_cat-divani-pouf","product_tag-capitonne-it"],"yoast_head":"<!-- This site is optimized with the Yoast SEO plugin v15.6.2 - https:\/\/yoast.com\/wordpress\/plugins\/seo\/ -->\n<title>Pouff capitonn\u00e9 in velluto blu | Loopo<\/title>\n<meta name=\"robots\" content=\"index, follow, max-snippet:-1, max-image-preview:large, max-video-preview:-1\" \/>\n<link rel=\"canonical\" href=\"https:\/\/www.loopomilano.com\/it\/shop\/arredamento-living\/divani-pouf\/pouff-capitonne-in-velluto-blu\/\" \/>\n<meta property=\"og:locale\" content=\"it_IT\" \/>\n<meta property=\"og:type\" content=\"article\" \/>\n<meta property=\"og:title\" content=\"Pouff capitonn\u00e9 in velluto blu | Loopo\" \/>\n<meta property=\"og:description\" content=\"&quot;Libert\u00e9, \u00c9galit\u00e9, Capitonn\u00e9&quot; sar\u00e0 il motto ufficiale del tuo salotto, il cui centro del relax sar\u00e0 questo pouff in velluto blu. E&#039; proprio come la Francia di Luigi XIV, la sua comoda superficie sar\u00e0 teatro di mille battaglie (di cuscini) ma anche di importanti trattati diplomatici (su che serie TV guardare).  CONSEGNA IN 4-8 SETTIMANE\" \/>\n<meta property=\"og:url\" content=\"https:\/\/www.loopomilano.com\/it\/shop\/arredamento-living\/divani-pouf\/pouff-capitonne-in-velluto-blu\/\" \/>\n<meta property=\"og:site_name\" content=\"Loopo\" \/>\n<meta property=\"article:modified_time\" content=\"2021-03-30T14:13:34+00:00\" \/>\n<meta property=\"og:image\" content=\"https:\/\/www.loopomilano.com\/wp-content\/uploads\/2020\/12\/pouf-capitonne-velluto-blu-loopo-milan-design-F-scaled.jpg\" \/>\n\t<meta property=\"og:image:width\" content=\"2240\" \/>\n\t<meta property=\"og:image:height\" content=\"2560\" \/>\n<meta name=\"twitter:card\" content=\"summary_large_image\" \/>\n<script type=\"application\/ld+json\" class=\"yoast-schema-graph\">{\"@context\":\"https:\/\/schema.org\",\"@graph\":[{\"@type\":\"Organization\",\"@id\":\"https:\/\/www.loopomilano.com\/#organization\",\"name\":\"Loopo Milano\",\"url\":\"https:\/\/www.loopomilano.com\/\",\"sameAs\":[],\"logo\":{\"@type\":\"ImageObject\",\"@id\":\"https:\/\/www.loopomilano.com\/#logo\",\"inLanguage\":\"it-IT\",\"url\":\"https:\/\/www.loopomilano.com\/wp-content\/uploads\/2020\/07\/logo_LOOPOrosso.png\",\"width\":1336,\"height\":534,\"caption\":\"Loopo Milano\"},\"image\":{\"@id\":\"https:\/\/www.loopomilano.com\/#logo\"}},{\"@type\":\"WebSite\",\"@id\":\"https:\/\/www.loopomilano.com\/#website\",\"url\":\"https:\/\/www.loopomilano.com\/\",\"name\":\"Loopo\",\"description\":\"Milano Smart Design\",\"publisher\":{\"@id\":\"https:\/\/www.loopomilano.com\/#organization\"},\"potentialAction\":[{\"@type\":\"SearchAction\",\"target\":\"https:\/\/www.loopomilano.com\/?s={search_term_string}\",\"query-input\":\"required name=search_term_string\"}],\"inLanguage\":\"it-IT\"},{\"@type\":\"ImageObject\",\"@id\":\"https:\/\/www.loopomilano.com\/it\/shop\/arredamento-living\/divani-pouf\/pouff-capitonne-in-velluto-blu\/#primaryimage\",\"inLanguage\":\"it-IT\",\"url\":\"https:\/\/www.loopomilano.com\/wp-content\/uploads\/2020\/12\/pouf-capitonne-velluto-blu-loopo-milan-design-F-scaled.jpg\",\"width\":2240,\"height\":2560,\"caption\":\"Pouf capitonne velluto blu loopo milan design A\"},{\"@type\":\"WebPage\",\"@id\":\"https:\/\/www.loopomilano.com\/it\/shop\/arredamento-living\/divani-pouf\/pouff-capitonne-in-velluto-blu\/#webpage\",\"url\":\"https:\/\/www.loopomilano.com\/it\/shop\/arredamento-living\/divani-pouf\/pouff-capitonne-in-velluto-blu\/\",\"name\":\"Pouff capitonn\\u00e9 in velluto blu | Loopo\",\"isPartOf\":{\"@id\":\"https:\/\/www.loopomilano.com\/#website\"},\"primaryImageOfPage\":{\"@id\":\"https:\/\/www.loopomilano.com\/it\/shop\/arredamento-living\/divani-pouf\/pouff-capitonne-in-velluto-blu\/#primaryimage\"},\"datePublished\":\"2020-12-07T09:11:01+00:00\",\"dateModified\":\"2021-03-30T14:13:34+00:00\",\"inLanguage\":\"it-IT\",\"potentialAction\":[{\"@type\":\"ReadAction\",\"target\":[\"https:\/\/www.loopomilano.com\/it\/shop\/arredamento-living\/divani-pouf\/pouff-capitonne-in-velluto-blu\/\"]}]}]}<\/script>\n<!-- \/ Yoast SEO plugin. -->","_links":{"self":[{"href":"https:\/\/www.loopomilano.com\/it\/wp-json\/wp\/v2\/product\/2795","targetHints":{"allow":["GET"]}}],"collection":[{"href":"https:\/\/www.loopomilano.com\/it\/wp-json\/wp\/v2\/product"}],"about":[{"href":"https:\/\/www.loopomilano.com\/it\/wp-json\/wp\/v2\/types\/product"}],"wp:featuredmedia":[{"embeddable":true,"href":"https:\/\/www.loopomilano.com\/it\/wp-json\/wp\/v2\/media\/2767"}],"wp:attachment":[{"href":"https:\/\/www.loopomilano.com\/it\/wp-json\/wp\/v2\/media?parent=2795"}],"curies":[{"name":"wp","href":"https:\/\/api.w.org\/{rel}","templated":true}]}}